{"id":3185,"date":"2021-01-05T15:20:09","date_gmt":"2021-01-05T14:20:09","guid":{"rendered":"http:\/\/www.halomusic.fr\/haloshop\/?post_type=product&#038;p=3185"},"modified":"2021-01-18T11:41:11","modified_gmt":"2021-01-18T10:41:11","slug":"carte-cadeau-albums-numeriques-un-un-instrumental","status":"publish","type":"product","link":"http:\/\/www.halomusic.fr\/haloshop\/produit\/carte-cadeau-albums-numeriques-un-un-instrumental\/","title":{"rendered":"Carte cadeau Albums num\u00e9riques &#8220;UN&#8221; + &#8220;UN Instrumentale&#8221;"},"content":{"rendered":"<p>[vc_row][vc_column][vc_column_text el_class=&#8221;justify-text&#8221;][\/vc_column_text][\/vc_column][\/vc_row]<\/p>\n","protected":false},"excerpt":{"rendered":"<p><span style=\"font-weight: 400;\">Offrez les albums num\u00e9riques mp3 &#8220;UN&#8221; et &#8220;UN Instrumental&#8221; en carte cadeau \u00e0 vos amis.<br \/>\nUne ou plusieurs cartes cadeau vous seront envoy\u00e9es gratuitement par courrier afin que vous puissiez les offrir \u00e0 vos proches. Gr\u00e2ce \u00e0 un code sur la carte cadeau, ils pourront t\u00e9l\u00e9charger gratuitement l\u2019album sur la Boutique.<\/span><\/p>\n<p>&nbsp;<\/p>\n<p><span style=\"font-weight: 400;\"><i>Pour les commandes sp\u00e9ciales ou les commandes hors France m\u00e9tropolitaine, <a href=\"http:\/\/www.halomusic.fr\/contact.html\">nous contacter<\/a>.<\/i><\/span><\/p>\n<p>&nbsp;<\/p>\n","protected":false},"featured_media":3186,"template":"","meta":[],"product_cat":[75],"product_tag":[],"class_list":{"0":"post-3185","1":"product","2":"type-product","3":"status-publish","4":"has-post-thumbnail","6":"product_cat-cartes-cadeaux","8":"first","9":"instock","10":"purchasable","11":"product-type-simple"},"_links":{"self":[{"href":"http:\/\/www.halomusic.fr\/haloshop\/wp-json\/wp\/v2\/product\/3185","targetHints":{"allow":["GET"]}}],"collection":[{"href":"http:\/\/www.halomusic.fr\/haloshop\/wp-json\/wp\/v2\/product"}],"about":[{"href":"http:\/\/www.halomusic.fr\/haloshop\/wp-json\/wp\/v2\/types\/product"}],"wp:featuredmedia":[{"embeddable":true,"href":"http:\/\/www.halomusic.fr\/haloshop\/wp-json\/wp\/v2\/media\/3186"}],"wp:attachment":[{"href":"http:\/\/www.halomusic.fr\/haloshop\/wp-json\/wp\/v2\/media?parent=3185"}],"wp:term":[{"taxonomy":"product_cat","embeddable":true,"href":"http:\/\/www.halomusic.fr\/haloshop\/wp-json\/wp\/v2\/product_cat?post=3185"},{"taxonomy":"product_tag","embeddable":true,"href":"http:\/\/www.halomusic.fr\/haloshop\/wp-json\/wp\/v2\/product_tag?post=3185"}],"curies":[{"name":"wp","href":"https:\/\/api.w.org\/{rel}","templated":true}]}}