{"id":3172,"date":"2021-01-05T14:56:04","date_gmt":"2021-01-05T13:56:04","guid":{"rendered":"http:\/\/www.halomusic.fr\/haloshop\/?post_type=product&#038;p=3172"},"modified":"2021-01-17T13:01:30","modified_gmt":"2021-01-17T12:01:30","slug":"single-je-tadore-acoustique-2017","status":"publish","type":"product","link":"http:\/\/www.halomusic.fr\/haloshop\/produit\/single-je-tadore-acoustique-2017\/","title":{"rendered":"Single &#8220;Je t\u2019adore (acoustique)&#8221; 2017"},"content":{"rendered":"<p>[vc_row][vc_column][vc_column_text el_class=&#8221;justify-text&#8221;]<span style=\"font-weight: 400;\">Retrouvez nos premiers singles t\u00e9l\u00e9chargeables directement !<\/span>[\/vc_column_text][\/vc_column][\/vc_row]<\/p>\n","protected":false},"excerpt":{"rendered":"<p><span style=\"font-weight: 800;\">Single num\u00e9rique mp3 \u00e0 t\u00e9l\u00e9charger<\/span><\/p>\n<p>&nbsp;<\/p>\n","protected":false},"featured_media":3173,"template":"","meta":[],"product_cat":[74],"product_tag":[],"class_list":{"0":"post-3172","1":"product","2":"type-product","3":"status-publish","4":"has-post-thumbnail","6":"product_cat-singles","8":"first","9":"instock","10":"downloadable","11":"virtual","12":"purchasable","13":"product-type-simple"},"_links":{"self":[{"href":"http:\/\/www.halomusic.fr\/haloshop\/wp-json\/wp\/v2\/product\/3172","targetHints":{"allow":["GET"]}}],"collection":[{"href":"http:\/\/www.halomusic.fr\/haloshop\/wp-json\/wp\/v2\/product"}],"about":[{"href":"http:\/\/www.halomusic.fr\/haloshop\/wp-json\/wp\/v2\/types\/product"}],"wp:featuredmedia":[{"embeddable":true,"href":"http:\/\/www.halomusic.fr\/haloshop\/wp-json\/wp\/v2\/media\/3173"}],"wp:attachment":[{"href":"http:\/\/www.halomusic.fr\/haloshop\/wp-json\/wp\/v2\/media?parent=3172"}],"wp:term":[{"taxonomy":"product_cat","embeddable":true,"href":"http:\/\/www.halomusic.fr\/haloshop\/wp-json\/wp\/v2\/product_cat?post=3172"},{"taxonomy":"product_tag","embeddable":true,"href":"http:\/\/www.halomusic.fr\/haloshop\/wp-json\/wp\/v2\/product_tag?post=3172"}],"curies":[{"name":"wp","href":"https:\/\/api.w.org\/{rel}","templated":true}]}}