{"id":3170,"date":"2021-01-05T14:52:43","date_gmt":"2021-01-05T13:52:43","guid":{"rendered":"http:\/\/www.halomusic.fr\/haloshop\/?post_type=product&#038;p=3170"},"modified":"2021-01-18T11:40:48","modified_gmt":"2021-01-18T10:40:48","slug":"albums-numeriques-un-un-instrumental","status":"publish","type":"product","link":"http:\/\/www.halomusic.fr\/haloshop\/produit\/albums-numeriques-un-un-instrumental\/","title":{"rendered":"Albums num\u00e9riques &#8220;UN&#8221; + &#8220;UN&#8221; Instrumentale&#8221;"},"content":{"rendered":"<p>[vc_row][vc_column][vc_column_text el_class=&#8221;justify-text&#8221;]<span style=\"font-weight: 400;\">\u00ab Notre Dieu, qui est parfaitement UN: P\u00e8re, Fils et Saint Esprit, ne cesse pourtant de se r\u00e9v\u00e9ler dans sa diversit\u00e9. Dans cet album, on retrouve plusieurs couleurs d\u2019\u00e9critures\u2026 quatre compositeurs, quatre expressions de louanges diff\u00e9rentes\u2026<\/span><\/p>\n<p><span style=\"font-weight: 400;\">Ces chants nous plongent dans la grande histoire de Dieu avec l\u2019homme. Une histoire qui nous\u00a0 d\u00e9passe tellement, l&#8217;infiniment grand. Et plus encore, ils nous parlent de ce Dieu qui s\u2019est fait si\u00a0 proche, qui prend plaisir \u00e0 nous rencontrer personnellement.<\/span><\/p>\n<p><span style=\"font-weight: 400;\">Au fil des chants, chacun est invit\u00e9 \u00e0 suivre J\u00e9sus, la lumi\u00e8re, qui nous montre Le chemin. Le\u00a0 chemin qui nous conduit \u00e0 la r\u00e9conciliation avec le P\u00e8re, avec notre identit\u00e9 et avec les autres. Le\u00a0 chemin qui nous fait sortir de nos t\u00e9n\u00e8bres pour \u00eatre transform\u00e9 par Sa lumi\u00e8re.<\/span><\/p>\n<p><span style=\"font-weight: 400;\">Que la Lumi\u00e8re soit\u00a0! \u00bb<\/span>[\/vc_column_text][\/vc_column][\/vc_row]<\/p>\n","protected":false},"excerpt":{"rendered":"<p><span style=\"font-weight: 800;\">Albums num\u00e9riques mp3 \u00e0 t\u00e9l\u00e9charger<\/span><\/p>\n<p><span style=\"font-weight: 400;\">Un album et un cheminement\u00a0: celui de la r\u00e9conciliation.<br \/>\nCelle de soi avec le P\u00e8re, avec soi-m\u00eame et avec les autres.<br \/>\nLa r\u00e9conciliation du Ciel avec la Terre, de Dieu avec sa Cr\u00e9ation.<br \/>\nPour \u00eatre UN avec ce Dieu qui\u00a0est UN.<\/span><\/p>\n<p>&nbsp;<\/p>\n","protected":false},"featured_media":3171,"template":"","meta":[],"product_cat":[19],"product_tag":[],"class_list":{"0":"post-3170","1":"product","2":"type-product","3":"status-publish","4":"has-post-thumbnail","6":"product_cat-packs","8":"first","9":"instock","10":"downloadable","11":"virtual","12":"purchasable","13":"product-type-simple"},"_links":{"self":[{"href":"http:\/\/www.halomusic.fr\/haloshop\/wp-json\/wp\/v2\/product\/3170","targetHints":{"allow":["GET"]}}],"collection":[{"href":"http:\/\/www.halomusic.fr\/haloshop\/wp-json\/wp\/v2\/product"}],"about":[{"href":"http:\/\/www.halomusic.fr\/haloshop\/wp-json\/wp\/v2\/types\/product"}],"wp:featuredmedia":[{"embeddable":true,"href":"http:\/\/www.halomusic.fr\/haloshop\/wp-json\/wp\/v2\/media\/3171"}],"wp:attachment":[{"href":"http:\/\/www.halomusic.fr\/haloshop\/wp-json\/wp\/v2\/media?parent=3170"}],"wp:term":[{"taxonomy":"product_cat","embeddable":true,"href":"http:\/\/www.halomusic.fr\/haloshop\/wp-json\/wp\/v2\/product_cat?post=3170"},{"taxonomy":"product_tag","embeddable":true,"href":"http:\/\/www.halomusic.fr\/haloshop\/wp-json\/wp\/v2\/product_tag?post=3170"}],"curies":[{"name":"wp","href":"https:\/\/api.w.org\/{rel}","templated":true}]}}